{"id":21,"date":"2022-02-07T17:42:12","date_gmt":"2022-02-07T17:42:12","guid":{"rendered":"https:\/\/www.phvsa.de\/?page_id=21-old"},"modified":"2022-10-12T12:43:07","modified_gmt":"2022-10-12T12:43:07","slug":"service-before-import","status":"publish","type":"page","link":"https:\/\/www.phvsa.de\/?page_id=21","title":{"rendered":"Service"},"content":{"rendered":"\t\t<div data-elementor-type=\"wp-page\" data-elementor-id=\"21\" class=\"elementor elementor-21\">\n\t\t\t\t\t\t<section class=\"elementor-section elementor-top-section elementor-element elementor-element-4549a8d elementor-section-boxed elementor-section-height-default elementor-section-height-default\" data-id=\"4549a8d\" data-element_type=\"section\" data-e-type=\"section\">\n\t\t\t\t\t\t<div class=\"elementor-container elementor-column-gap-default\">\n\t\t\t\t\t<div class=\"elementor-column elementor-col-100 elementor-top-column elementor-element elementor-element-2d7e71a\" data-id=\"2d7e71a\" data-element_type=\"column\" data-e-type=\"column\">\n\t\t\t<div class=\"elementor-widget-wrap elementor-element-populated\">\n\t\t\t\t\t\t<div class=\"elementor-element elementor-element-d7e6218 elementor-widget elementor-widget-heading\" data-id=\"d7e6218\" data-element_type=\"widget\" data-e-type=\"widget\" data-widget_type=\"heading.default\">\n\t\t\t\t<div class=\"elementor-widget-container\">\n\t\t\t\t\t<h2 class=\"elementor-heading-title elementor-size-default\">Mitgliedschaft<\/h2>\t\t\t\t<\/div>\n\t\t\t\t<\/div>\n\t\t\t\t<section class=\"elementor-section elementor-inner-section elementor-element elementor-element-e10ecd3 elementor-section-boxed elementor-section-height-default elementor-section-height-default\" data-id=\"e10ecd3\" data-element_type=\"section\" data-e-type=\"section\">\n\t\t\t\t\t\t<div class=\"elementor-container elementor-column-gap-default\">\n\t\t\t\t\t<div class=\"elementor-column elementor-col-50 elementor-inner-column elementor-element elementor-element-adfb7e3\" data-id=\"adfb7e3\" data-element_type=\"column\" data-e-type=\"column\">\n\t\t\t<div class=\"elementor-widget-wrap elementor-element-populated\">\n\t\t\t\t\t\t<div class=\"elementor-element elementor-element-15498a6 elementor-widget elementor-widget-text-editor\" data-id=\"15498a6\" data-element_type=\"widget\" data-e-type=\"widget\" data-widget_type=\"text-editor.default\">\n\t\t\t\t<div class=\"elementor-widget-container\">\n\t\t\t\t\t\t\t\t\t<p>Die Mitgliedschaft in unserem Verband bietet Ihnen eine Reihe von Vorteilen, welche wir im Folgenden kurz zusammengefasst haben. Neben den materiellen Vorz\u00fcgen zeichnet sich unser Verband durch eine sich gegenseitig unterst\u00fctzende Gemeinschaft aus, in der wir uns austauschen und vernetzen, f\u00fcreinander einstehen und unsere Interessen gegen\u00fcber dem Land und Ministerium vertreten.\u00a0<\/p><p>\u00a0<\/p>\t\t\t\t\t\t\t\t<\/div>\n\t\t\t\t<\/div>\n\t\t\t\t\t<\/div>\n\t\t<\/div>\n\t\t\t\t<div class=\"elementor-column elementor-col-50 elementor-inner-column elementor-element elementor-element-c5c1546\" data-id=\"c5c1546\" data-element_type=\"column\" data-e-type=\"column\">\n\t\t\t<div class=\"elementor-widget-wrap elementor-element-populated\">\n\t\t\t\t\t\t<div class=\"elementor-element elementor-element-10c0eed elementor-widget elementor-widget-text-editor\" data-id=\"10c0eed\" data-element_type=\"widget\" data-e-type=\"widget\" data-widget_type=\"text-editor.default\">\n\t\t\t\t<div class=\"elementor-widget-container\">\n\t\t\t\t\t\t\t\t\t<p>M\u00f6chten Sie Mitglied werden und diese Vorteile nutzen?<\/p><p><b>Wir freuen uns \u00fcber jede(n), der sich einbringt und hei\u00dfen jedes neue Mitglied herzlich willkommen!<\/b><\/p><p><span style=\"font-style: inherit; font-weight: inherit;\">&nbsp;Hier geht&#8217;s zum Mitgliedsantrag:<\/span><\/p>\t\t\t\t\t\t\t\t<\/div>\n\t\t\t\t<\/div>\n\t\t\t\t<div class=\"elementor-element elementor-element-9863571 elementor-button-info elementor-align-center elementor-widget elementor-widget-button\" data-id=\"9863571\" data-element_type=\"widget\" data-e-type=\"widget\" data-widget_type=\"button.default\">\n\t\t\t\t<div class=\"elementor-widget-container\">\n\t\t\t\t\t\t\t\t\t<div class=\"elementor-button-wrapper\">\n\t\t\t\t\t<a class=\"elementor-button elementor-button-link elementor-size-sm\" href=\"https:\/\/www.phvsa.de\/?page_id=66\">\n\t\t\t\t\t\t<span class=\"elementor-button-content-wrapper\">\n\t\t\t\t\t\t\t\t\t<span class=\"elementor-button-text\">Mitglied werden!<\/span>\n\t\t\t\t\t<\/span>\n\t\t\t\t\t<\/a>\n\t\t\t\t<\/div>\n\t\t\t\t\t\t\t\t<\/div>\n\t\t\t\t<\/div>\n\t\t\t\t\t<\/div>\n\t\t<\/div>\n\t\t\t\t\t<\/div>\n\t\t<\/section>\n\t\t\t\t<div class=\"elementor-element elementor-element-ea3cb47 elementor-widget elementor-widget-heading\" data-id=\"ea3cb47\" data-element_type=\"widget\" data-e-type=\"widget\" data-widget_type=\"heading.default\">\n\t\t\t\t<div class=\"elementor-widget-container\">\n\t\t\t\t\t<h2 class=\"elementor-heading-title elementor-size-default\">Wir bieten unseren Mitgliedern:<\/h2>\t\t\t\t<\/div>\n\t\t\t\t<\/div>\n\t\t\t\t<div class=\"elementor-element elementor-element-182533d elementor-widget elementor-widget-text-editor\" data-id=\"182533d\" data-element_type=\"widget\" data-e-type=\"widget\" data-widget_type=\"text-editor.default\">\n\t\t\t\t<div class=\"elementor-widget-container\">\n\t\t\t\t\t\t\t\t\t<p>\t\t<div class=\"wpsm_service_b_row\" id=\"wpsm_service_b_row_3740\">\r\n\t\t\t    <div class=\"wpsm_row\">\r\n        <style>\r\n\t\t\t.wpsm_row{\r\n\t\t\t\toverflow:hidden;\r\n\t\t\t\tdisplay:block;\r\n\t\t\t\twidth:100%;\r\n\t\t\t}\r\n\t\t\t.wpsm_service_b_row{ \r\n\t\t\t\toverflow:hidden;\r\n\t\t\t\tdisplay:block;\r\n\t\t\t\twidth:100%;\r\n\t\t\t\tborder:0px solid #ddd;\r\n\t\t\t\tmargin-bottom:20px;\r\n\t\t\t}\r\n\t\t\t\t\r\n\t\t #wpsm_service_b_row_3740 .wpsm_serviceBox{\r\n\t\t\tpadding: 20px 10px 20px 10px;\r\n\t\t\ttext-align: center;\r\n\t\t\ttransition: all 0.3s ease 0s;\r\n\t\t    background:#e5e5e5;\r\n\t\t\tmargin-bottom:30px;\r\n\t\t}\r\n\t\t \r\n\t\t #wpsm_service_b_row_3740 .wpsm_serviceBox .wpsm_service-icon i{\r\n\t\t\tfont-size: 60px;\r\n\t\t\t color: #3eb8dd !important;\r\n\t\t}\r\n\t\t #wpsm_service_b_row_3740 .wpsm_serviceBox .wpsm_service-content h3{\r\n\t\t   color: #000000 !important;\r\n\t\t\tfont-size: 18px !important;\r\n\t\t\tfont-weight: 600;\r\n\t\t\t\t\t   clear:inherit !important;\r\n\t\t\tline-height:1.4 !important;\r\n\t\t\tmargin-top:10px !important;\r\n\t\t\tmargin-bottom:0px !important;\r\n\t\t}\r\n\t\t #wpsm_service_b_row_3740 .wpsm_serviceBox .wpsm_service-content p{\r\n\t\t   color:#7f7f7f !important;\r\n\t\t\tfont-size: 14px !important;\r\n\t\t\tline-height:1.4 !important;\r\n\t\t\t\t\t\tmargin-top:10px !important;\r\n\t\t\tmargin-bottom:0px !important;\r\n\t\t\t\r\n\t\t\t\r\n\t\t}\r\n\t\t #wpsm_service_b_row_3740 .wpsm_serviceBox .wpsm_read_more{\r\n\t\t   margin-top:15px;\r\n\t\t   color: #4c4c4c !important;\r\n\t\t\tfont-size: 5px !important;\r\n\t\t   background:#ffffff;\r\n\t\t\tborder: 2px solid #ffffff;\r\n\t\t\ttext-decoration: none;\r\n\t\t\tdisplay: inline-block;\r\n\t\t\tpadding: 7px 10px;\r\n\t\t   border-radius: 0;\r\n\t\t\tfont-weight: normal;\r\n\t\t\t\t\t}\r\n\t\t\r\n\r\n\t\t\t\t\r\n\t\t<\/style>\r\n\t\t\t\t\t\t\t<div class=\"wpsm_col-md-6 wpsm_col-sm-6\">\r\n\t\t\t\t\t\t<div class=\"wpsm_serviceBox\">\r\n\t\t\t\t\t\t\t\t\t\t\t\t\t\t\t<div class=\"wpsm_service-icon\">\r\n\t\t\t\t\t\t\t\t\t<i class=\"fa fa-money\"><\/i>\r\n\t\t\t\t\t\t\t\t<\/div>\r\n\t\t\t\t\t\t\t\t\t\t\t\t\t\t<div class=\"wpsm_service-content\">\r\n\t\t\t\t\t\t\t\t<h3>Wir sichern Ihr Einkommen!<\/h3>\r\n\t\t\t\t\t\t\t\t<p>\r\n\t\t\t\t\t\t\t\t\tdurch Mitverhandlung in den Tarifrunden\t\t\t\t\t\t\t\t<\/p>\r\n\t\t\t\t\t\t\t<\/div>\r\n\t\t\t\t\t\t\t\t\t\t\t\t\t<\/div>\r\n\t\t\t\t\t<\/div>\r\n\t\t\t\t\t\t\t\t\t<div class=\"wpsm_col-md-6 wpsm_col-sm-6\">\r\n\t\t\t\t\t\t<div class=\"wpsm_serviceBox\">\r\n\t\t\t\t\t\t\t\t\t\t\t\t\t\t\t<div class=\"wpsm_service-icon\">\r\n\t\t\t\t\t\t\t\t\t<i class=\"fa fa-flag\"><\/i>\r\n\t\t\t\t\t\t\t\t<\/div>\r\n\t\t\t\t\t\t\t\t\t\t\t\t\t\t<div class=\"wpsm_service-content\">\r\n\t\t\t\t\t\t\t\t<h3>Wir vertreten Ihre Interessen!<\/h3>\r\n\t\t\t\t\t\t\t\t<p>\r\n\t\t\t\t\t\t\t\t\t in berufs- und bildungspolitischen Belangen\t\t\t\t\t\t\t\t<\/p>\r\n\t\t\t\t\t\t\t<\/div>\r\n\t\t\t\t\t\t\t\t\t\t\t\t\t<\/div>\r\n\t\t\t\t\t<\/div>\r\n\t\t\t\t\t\t\t\t\t<\/div>\r\n\t\t\t\t\t<div class=\"wpsm_row\">\r\n\t\t\t\t\t\t\t\t\t\t<div class=\"wpsm_col-md-6 wpsm_col-sm-6\">\r\n\t\t\t\t\t\t<div class=\"wpsm_serviceBox\">\r\n\t\t\t\t\t\t\t\t\t\t\t\t\t\t\t<div class=\"wpsm_service-icon\">\r\n\t\t\t\t\t\t\t\t\t<i class=\"fa fa-child\"><\/i>\r\n\t\t\t\t\t\t\t\t<\/div>\r\n\t\t\t\t\t\t\t\t\t\t\t\t\t\t<div class=\"wpsm_service-content\">\r\n\t\t\t\t\t\t\t\t<h3>Wir unterst\u00fctzen Sie!<\/h3>\r\n\t\t\t\t\t\t\t\t<p>\r\n\t\t\t\t\t\t\t\t\tals Stufenpersonalr\u00e4te im Bezirks- und Hauptpersonalrat\t\t\t\t\t\t\t\t<\/p>\r\n\t\t\t\t\t\t\t<\/div>\r\n\t\t\t\t\t\t\t\t\t\t\t\t\t<\/div>\r\n\t\t\t\t\t<\/div>\r\n\t\t\t\t\t\t\t\t\t<div class=\"wpsm_col-md-6 wpsm_col-sm-6\">\r\n\t\t\t\t\t\t<div class=\"wpsm_serviceBox\">\r\n\t\t\t\t\t\t\t\t\t\t\t\t\t\t\t<div class=\"wpsm_service-icon\">\r\n\t\t\t\t\t\t\t\t\t<i class=\"fa fa-users\"><\/i>\r\n\t\t\t\t\t\t\t\t<\/div>\r\n\t\t\t\t\t\t\t\t\t\t\t\t\t\t<div class=\"wpsm_service-content\">\r\n\t\t\t\t\t\t\t\t<h3>Wir bieten Gemeinschaft!<\/h3>\r\n\t\t\t\t\t\t\t\t<p>\r\n\t\t\t\t\t\t\t\t\tzum Austausch \u00fcber berufliche, p\u00e4dagogische und pers\u00f6nliche Belange\t\t\t\t\t\t\t\t<\/p>\r\n\t\t\t\t\t\t\t<\/div>\r\n\t\t\t\t\t\t\t\t\t\t\t\t\t<\/div>\r\n\t\t\t\t\t<\/div>\r\n\t\t\t\t\t\t\t\t\t<\/div>\r\n\t\t\t\t\t<div class=\"wpsm_row\">\r\n\t\t\t\t\t\t\t\t\t\t<div class=\"wpsm_col-md-6 wpsm_col-sm-6\">\r\n\t\t\t\t\t\t<div class=\"wpsm_serviceBox\">\r\n\t\t\t\t\t\t\t\t\t\t\t\t\t\t\t<div class=\"wpsm_service-icon\">\r\n\t\t\t\t\t\t\t\t\t<i class=\"fa fa-balance-scale\"><\/i>\r\n\t\t\t\t\t\t\t\t<\/div>\r\n\t\t\t\t\t\t\t\t\t\t\t\t\t\t<div class=\"wpsm_service-content\">\r\n\t\t\t\t\t\t\t\t<h3>Wir setzen Ihr Recht durch!<\/h3>\r\n\t\t\t\t\t\t\t\t<p>\r\n\t\t\t\t\t\t\t\t\tmit unserer kostenlosen Rechtsberatung und \u00fcber die berufliche Rechtsschutz-Versicherung des dbb\t\t\t\t\t\t\t\t<\/p>\r\n\t\t\t\t\t\t\t<\/div>\r\n\t\t\t\t\t\t\t\t\t\t\t\t\t<\/div>\r\n\t\t\t\t\t<\/div>\r\n\t\t\t\t\t\t\t\t\t<div class=\"wpsm_col-md-6 wpsm_col-sm-6\">\r\n\t\t\t\t\t\t<div class=\"wpsm_serviceBox\">\r\n\t\t\t\t\t\t\t\t\t\t\t\t\t\t\t<div class=\"wpsm_service-icon\">\r\n\t\t\t\t\t\t\t\t\t<i class=\"fa fa-list-ol\"><\/i>\r\n\t\t\t\t\t\t\t\t<\/div>\r\n\t\t\t\t\t\t\t\t\t\t\t\t\t\t<div class=\"wpsm_service-content\">\r\n\t\t\t\t\t\t\t\t<h3>Wir helfen Ihnen beim Organisieren!<\/h3>\r\n\t\t\t\t\t\t\t\t<p>\r\n\t\t\t\t\t\t\t\t\tmit unserem kostenlosen Lehrerkalender, der auch alle wichtigen Rechts- und Verwaltungsvorschriften enth\u00e4lt\t\t\t\t\t\t\t\t<\/p>\r\n\t\t\t\t\t\t\t<\/div>\r\n\t\t\t\t\t\t\t\t\t\t\t\t\t<\/div>\r\n\t\t\t\t\t<\/div>\r\n\t\t\t\t\t\t\t\t\t<\/div>\r\n\t\t\t\t\t<div class=\"wpsm_row\">\r\n\t\t\t\t\t\t\t\t\t\t<div class=\"wpsm_col-md-6 wpsm_col-sm-6\">\r\n\t\t\t\t\t\t<div class=\"wpsm_serviceBox\">\r\n\t\t\t\t\t\t\t\t\t\t\t\t\t\t\t<div class=\"wpsm_service-icon\">\r\n\t\t\t\t\t\t\t\t\t<i class=\"fa fa-comments-o\"><\/i>\r\n\t\t\t\t\t\t\t\t<\/div>\r\n\t\t\t\t\t\t\t\t\t\t\t\t\t\t<div class=\"wpsm_service-content\">\r\n\t\t\t\t\t\t\t\t<h3>Wir beraten Sie!<\/h3>\r\n\t\t\t\t\t\t\t\t<p>\r\n\t\t\t\t\t\t\t\t\tmit unseren Ratgebern zu Problembereichen in Bildungs- und Berufspolitik\t\t\t\t\t\t\t\t<\/p>\r\n\t\t\t\t\t\t\t<\/div>\r\n\t\t\t\t\t\t\t\t\t\t\t\t\t<\/div>\r\n\t\t\t\t\t<\/div>\r\n\t\t\t\t\t\t\t\t\t<div class=\"wpsm_col-md-6 wpsm_col-sm-6\">\r\n\t\t\t\t\t\t<div class=\"wpsm_serviceBox\">\r\n\t\t\t\t\t\t\t\t\t\t\t\t\t\t\t<div class=\"wpsm_service-icon\">\r\n\t\t\t\t\t\t\t\t\t<i class=\"fa fa-bank\"><\/i>\r\n\t\t\t\t\t\t\t\t<\/div>\r\n\t\t\t\t\t\t\t\t\t\t\t\t\t\t<div class=\"wpsm_service-content\">\r\n\t\t\t\t\t\t\t\t<h3>Wir helfen beim Sparen<\/h3>\r\n\t\t\t\t\t\t\t\t<p>\r\n\t\t\t\t\t\t\t\t\tdurch eine Vielzahl von speziellen Angeboten und Rabatten, sowie der Verbands-Kredtikarte ohne Jahresgeb\u00fchr\t\t\t\t\t\t\t\t<\/p>\r\n\t\t\t\t\t\t\t<\/div>\r\n\t\t\t\t\t\t\t\t\t\t\t\t\t<\/div>\r\n\t\t\t\t\t<\/div>\r\n\t\t\t\t\t\t\t\t\t<\/div>\r\n\t\t\t\t\t<div class=\"wpsm_row\">\r\n\t\t\t\t\t    \t\t\r\n    <\/div>\r\n    \t\t<\/div>\r\n\t\t\r\n\t<\/p>\t\t\t\t\t\t\t\t<\/div>\n\t\t\t\t<\/div>\n\t\t\t\t\t<\/div>\n\t\t<\/div>\n\t\t\t\t\t<\/div>\n\t\t<\/section>\n\t\t\t\t<\/div>\n\t\t","protected":false},"excerpt":{"rendered":"<p>Mitgliedschaft Die Mitgliedschaft in unserem Verband bietet Ihnen eine Reihe von Vorteilen, welche wir im Folgenden kurz zusammengefasst haben. Neben den materiellen Vorz\u00fcgen zeichnet sich unser Verband durch eine sich gegenseitig unterst\u00fctzende Gemeinschaft aus, in der wir uns austauschen und vernetzen, f\u00fcreinander einstehen und unsere Interessen gegen\u00fcber dem Land und Ministerium vertreten.\u00a0 \u00a0 M\u00f6chten Sie [&hellip;]<\/p>\n","protected":false},"author":1,"featured_media":0,"parent":0,"menu_order":0,"comment_status":"closed","ping_status":"closed","template":"","meta":{"zakra_sidebar_layout":"customizer","zakra_remove_content_margin":false,"zakra_sidebar":"customizer","zakra_transparent_header":"customizer","zakra_logo":0,"zakra_main_header_style":"default","zakra_menu_item_color":"","zakra_menu_item_hover_color":"","zakra_menu_item_active_color":"","zakra_menu_active_style":"","zakra_page_header":true,"inline_featured_image":false,"footnotes":""},"class_list":["post-21","page","type-page","status-publish","hentry"],"aioseo_notices":[],"rttpg_featured_image_url":null,"rttpg_author":{"display_name":"admin","author_link":"https:\/\/www.phvsa.de\/?author=1"},"rttpg_comment":0,"rttpg_category":null,"rttpg_excerpt":"Mitgliedschaft Die Mitgliedschaft in unserem Verband bietet Ihnen eine Reihe von Vorteilen, welche wir im Folgenden kurz zusammengefasst haben. Neben den materiellen Vorz\u00fcgen zeichnet sich unser Verband durch eine sich gegenseitig unterst\u00fctzende Gemeinschaft aus, in der wir uns austauschen und vernetzen, f\u00fcreinander einstehen und unsere Interessen gegen\u00fcber dem Land und Ministerium vertreten.\u00a0 \u00a0 M\u00f6chten Sie&hellip;","_links":{"self":[{"href":"https:\/\/www.phvsa.de\/index.php?rest_route=\/wp\/v2\/pages\/21","targetHints":{"allow":["GET"]}}],"collection":[{"href":"https:\/\/www.phvsa.de\/index.php?rest_route=\/wp\/v2\/pages"}],"about":[{"href":"https:\/\/www.phvsa.de\/index.php?rest_route=\/wp\/v2\/types\/page"}],"author":[{"embeddable":true,"href":"https:\/\/www.phvsa.de\/index.php?rest_route=\/wp\/v2\/users\/1"}],"replies":[{"embeddable":true,"href":"https:\/\/www.phvsa.de\/index.php?rest_route=%2Fwp%2Fv2%2Fcomments&post=21"}],"version-history":[{"count":10,"href":"https:\/\/www.phvsa.de\/index.php?rest_route=\/wp\/v2\/pages\/21\/revisions"}],"predecessor-version":[{"id":4963,"href":"https:\/\/www.phvsa.de\/index.php?rest_route=\/wp\/v2\/pages\/21\/revisions\/4963"}],"wp:attachment":[{"href":"https:\/\/www.phvsa.de\/index.php?rest_route=%2Fwp%2Fv2%2Fmedia&parent=21"}],"curies":[{"name":"wp","href":"https:\/\/api.w.org\/{rel}","templated":true}]}}