{"id":2563,"date":"2022-05-21T16:54:33","date_gmt":"2022-05-21T16:54:33","guid":{"rendered":"https:\/\/www.phvsa.de\/?page_id=2563-old"},"modified":"2025-11-24T10:43:58","modified_gmt":"2025-11-24T10:43:58","slug":"veranstaltungen-before-import","status":"publish","type":"page","link":"https:\/\/www.phvsa.de\/?page_id=2563","title":{"rendered":"Veranstaltungen"},"content":{"rendered":"\t\t<div data-elementor-type=\"wp-page\" data-elementor-id=\"2563\" class=\"elementor elementor-2563\">\n\t\t\t\t\t\t<section class=\"elementor-section elementor-top-section elementor-element elementor-element-07d61c2 elementor-section-boxed elementor-section-height-default elementor-section-height-default\" data-id=\"07d61c2\" data-element_type=\"section\" data-e-type=\"section\">\n\t\t\t\t\t\t<div class=\"elementor-container elementor-column-gap-default\">\n\t\t\t\t\t<div class=\"elementor-column elementor-col-100 elementor-top-column elementor-element elementor-element-9311ed0\" data-id=\"9311ed0\" data-element_type=\"column\" data-e-type=\"column\">\n\t\t\t<div class=\"elementor-widget-wrap elementor-element-populated\">\n\t\t\t\t\t\t<div class=\"elementor-element elementor-element-0583e8f elementor-widget elementor-widget-heading\" data-id=\"0583e8f\" data-element_type=\"widget\" data-e-type=\"widget\" data-widget_type=\"heading.default\">\n\t\t\t\t<div class=\"elementor-widget-container\">\n\t\t\t\t\t<h2 class=\"elementor-heading-title elementor-size-default\"><b>Veranstaltungen des Philologenverbandes Sachsen-Anhalt<\/b><\/h2>\t\t\t\t<\/div>\n\t\t\t\t<\/div>\n\t\t\t\t\t<\/div>\n\t\t<\/div>\n\t\t\t\t\t<\/div>\n\t\t<\/section>\n\t\t\t\t<section class=\"elementor-section elementor-top-section elementor-element elementor-element-8a9d3c7 elementor-section-boxed elementor-section-height-default elementor-section-height-default\" data-id=\"8a9d3c7\" data-element_type=\"section\" data-e-type=\"section\">\n\t\t\t\t\t\t<div class=\"elementor-container elementor-column-gap-default\">\n\t\t\t\t\t<div class=\"elementor-column elementor-col-66 elementor-top-column elementor-element elementor-element-0a0386e\" data-id=\"0a0386e\" data-element_type=\"column\" data-e-type=\"column\">\n\t\t\t<div class=\"elementor-widget-wrap elementor-element-populated\">\n\t\t\t\t\t\t<div class=\"elementor-element elementor-element-afbc71d elementor-widget elementor-widget-toggle\" data-id=\"afbc71d\" data-element_type=\"widget\" data-e-type=\"widget\" data-widget_type=\"toggle.default\">\n\t\t\t\t<div class=\"elementor-widget-container\">\n\t\t\t\t\t\t\t<div class=\"elementor-toggle\">\n\t\t\t\t\t\t\t<div class=\"elementor-toggle-item\">\n\t\t\t\t\t<div id=\"elementor-tab-title-1841\" class=\"elementor-tab-title\" data-tab=\"1\" role=\"button\" aria-controls=\"elementor-tab-content-1841\" aria-expanded=\"false\">\n\t\t\t\t\t\t\t\t\t\t\t\t<span class=\"elementor-toggle-icon elementor-toggle-icon-left\" aria-hidden=\"true\">\n\t\t\t\t\t\t\t\t\t\t\t\t\t\t\t<span class=\"elementor-toggle-icon-closed\"><i class=\"fas fa-caret-right\"><\/i><\/span>\n\t\t\t\t\t\t\t\t<span class=\"elementor-toggle-icon-opened\"><i class=\"elementor-toggle-icon-opened fas fa-caret-up\"><\/i><\/span>\n\t\t\t\t\t\t\t\t\t\t\t\t\t<\/span>\n\t\t\t\t\t\t\t\t\t\t\t\t<a class=\"elementor-toggle-title\" tabindex=\"0\">Personalr\u00e4teschulung\u200b<\/a>\n\t\t\t\t\t<\/div>\n\n\t\t\t\t\t<div id=\"elementor-tab-content-1841\" class=\"elementor-tab-content elementor-clearfix\" data-tab=\"1\" role=\"region\" aria-labelledby=\"elementor-tab-title-1841\"><p>Wir, als Philologenverband Sachsen-Anhalt, laden die Schulpersonalr\u00e4te jedes Jahr herzlich zu unserer traditionellen zweit\u00e4gigen <strong>Personalr\u00e4teschulung <\/strong>in Halberstadt ein. Die Veranstaltung dient neben der fachlichen Weiterbildung und Professionalisierung auch dem Austausch und der Vernetzung aller Personalr\u00e4te.<\/p><p>Diese Einladung erhalten alle PhVSA-Mitglieder, die in den Schulpersonalr\u00e4ten t\u00e4tig sind. Falls diese nicht pers\u00f6nlich teilnehmen k\u00f6nnen, kann diese Einladung auch einem Schulpersonalrat angeboten werden, der nicht Mitglied in unserem Verband ist.\u00a0Um an der Schulung teilnehmen zu k\u00f6nnen, ben\u00f6tigen Sie einen Entsendebeschluss des zust\u00e4ndigen Personalrates Ihrer Schule.<span style=\"font-size: 16px;\"><br \/><\/span><\/p><p>Auch in diesem Jahr findet die Schulung wie gewohnt Ende September statt. Die inhaltliche Ausrichtung wird im Laufe des Schuljahres bekannt gegeben.<\/p><p><strong style=\"font-style: inherit;\"><span style=\"text-decoration-line: underline;\">Termin<\/span>:\u00a0<\/strong><span style=\"font-style: inherit; font-weight: inherit;\">\u00a0 \u00a0 \u00a0 \u00a0 23. &#8211; 24. September 2025<\/span><\/p><p><strong><span style=\"text-decoration: underline;\">Ort<\/span>:\u00a0<\/strong>\u00a0\u00a0\u00a0\u00a0\u00a0\u00a0\u00a0\u00a0\u00a0\u00a0\u00a0\u00a0\u00a0\u00a0\u00a0 \u201eK 6&#8243; Seminarhotel am Sportzentrum, Kirschallee 6, 38820 Halberstadt<\/p><\/div>\n\t\t\t\t<\/div>\n\t\t\t\t\t\t\t<div class=\"elementor-toggle-item\">\n\t\t\t\t\t<div id=\"elementor-tab-title-1842\" class=\"elementor-tab-title\" data-tab=\"2\" role=\"button\" aria-controls=\"elementor-tab-content-1842\" aria-expanded=\"false\">\n\t\t\t\t\t\t\t\t\t\t\t\t<span class=\"elementor-toggle-icon elementor-toggle-icon-left\" aria-hidden=\"true\">\n\t\t\t\t\t\t\t\t\t\t\t\t\t\t\t<span class=\"elementor-toggle-icon-closed\"><i class=\"fas fa-caret-right\"><\/i><\/span>\n\t\t\t\t\t\t\t\t<span class=\"elementor-toggle-icon-opened\"><i class=\"elementor-toggle-icon-opened fas fa-caret-up\"><\/i><\/span>\n\t\t\t\t\t\t\t\t\t\t\t\t\t<\/span>\n\t\t\t\t\t\t\t\t\t\t\t\t<a class=\"elementor-toggle-title\" tabindex=\"0\">Schulung f\u00fcr ehrenamtliche Gleichstellungsbeauftragte an Gymnasien\u200b<\/a>\n\t\t\t\t\t<\/div>\n\n\t\t\t\t\t<div id=\"elementor-tab-content-1842\" class=\"elementor-tab-content elementor-clearfix\" data-tab=\"2\" role=\"region\" aria-labelledby=\"elementor-tab-title-1842\"><p>Ebenfalls traditionell f\u00fchren wir als Philologenverband Sachsen-Anhalt einmal im Jahr eine <strong>Schulung f\u00fcr Gleichstellungsbeauftragte<\/strong> durch. Die Schulung soll dazu beitragen, die Gleichstellungsbeauftragten zu st\u00e4rken, miteinander in den Dialog zu treten und Erfahrungen auszutauschen.<\/p><p>Die Fortbildung wurde von der Landeszentrale f\u00fcr politische Bildung als Fortbildung im Sinne des 5 18 (4) FrFG LSA anerkannt.<\/p><p><strong>Termin<\/strong>:\u00a0 \u00a0 \u00a0 \u00a0 \u00a0 11. &#8211; 12. September 2025<\/p><p><strong>Ort<\/strong>:\u00a0 \u00a0 \u00a0 \u00a0 \u00a0 \u00a0 \u00a0 \u00a0 \u00a0 Landgasthof Schlaitz, Freiheitsstra\u00dfe 59, 06774 Muldestausee<\/p><\/div>\n\t\t\t\t<\/div>\n\t\t\t\t\t\t\t\t<\/div>\n\t\t\t\t\t\t<\/div>\n\t\t\t\t<\/div>\n\t\t\t\t\t<\/div>\n\t\t<\/div>\n\t\t\t\t<div class=\"elementor-column elementor-col-33 elementor-top-column elementor-element elementor-element-46b0838\" data-id=\"46b0838\" data-element_type=\"column\" data-e-type=\"column\">\n\t\t\t<div class=\"elementor-widget-wrap elementor-element-populated\">\n\t\t\t\t\t\t<div class=\"elementor-element elementor-element-7690964 elementor-widget elementor-widget-image\" data-id=\"7690964\" data-element_type=\"widget\" data-e-type=\"widget\" data-widget_type=\"image.default\">\n\t\t\t\t<div class=\"elementor-widget-container\">\n\t\t\t\t\t\t\t\t\t\t\t\t\t\t\t<img fetchpriority=\"high\" decoding=\"async\" width=\"640\" height=\"427\" src=\"https:\/\/www.phvsa.de\/wp-content\/uploads\/2022\/06\/Veranstaltungen.jpg\" class=\"attachment-medium_large size-medium_large wp-image-3129\" alt=\"\" srcset=\"https:\/\/www.phvsa.de\/wp-content\/uploads\/2022\/06\/Veranstaltungen.jpg 640w, https:\/\/www.phvsa.de\/wp-content\/uploads\/2022\/06\/Veranstaltungen-300x200.jpg 300w, https:\/\/www.phvsa.de\/wp-content\/uploads\/2022\/06\/Veranstaltungen-272x182.jpg 272w\" sizes=\"(max-width: 640px) 100vw, 640px\" \/>\t\t\t\t\t\t\t\t\t\t\t\t\t\t\t<\/div>\n\t\t\t\t<\/div>\n\t\t\t\t\t<\/div>\n\t\t<\/div>\n\t\t\t\t\t<\/div>\n\t\t<\/section>\n\t\t\t\t<section class=\"elementor-section elementor-top-section elementor-element elementor-element-c313917 elementor-section-boxed elementor-section-height-default elementor-section-height-default\" data-id=\"c313917\" data-element_type=\"section\" data-e-type=\"section\">\n\t\t\t\t\t\t<div class=\"elementor-container elementor-column-gap-default\">\n\t\t\t\t\t<div class=\"elementor-column elementor-col-100 elementor-top-column elementor-element elementor-element-296352d\" data-id=\"296352d\" data-element_type=\"column\" data-e-type=\"column\">\n\t\t\t<div class=\"elementor-widget-wrap elementor-element-populated\">\n\t\t\t\t\t\t<div class=\"elementor-element elementor-element-6c803ab elementor-widget-divider--view-line elementor-widget elementor-widget-divider\" data-id=\"6c803ab\" data-element_type=\"widget\" data-e-type=\"widget\" data-widget_type=\"divider.default\">\n\t\t\t\t<div class=\"elementor-widget-container\">\n\t\t\t\t\t\t\t<div class=\"elementor-divider\">\n\t\t\t<span class=\"elementor-divider-separator\">\n\t\t\t\t\t\t<\/span>\n\t\t<\/div>\n\t\t\t\t\t\t<\/div>\n\t\t\t\t<\/div>\n\t\t\t\t<div class=\"elementor-element elementor-element-56f55cd elementor-widget elementor-widget-heading\" data-id=\"56f55cd\" data-element_type=\"widget\" data-e-type=\"widget\" data-widget_type=\"heading.default\">\n\t\t\t\t<div class=\"elementor-widget-container\">\n\t\t\t\t\t<h2 class=\"elementor-heading-title elementor-size-default\"><b>Externe Veranstaltungen<\/b><\/h2>\t\t\t\t<\/div>\n\t\t\t\t<\/div>\n\t\t\t\t<div class=\"elementor-element elementor-element-b465ae9 elementor-widget elementor-widget-toggle\" data-id=\"b465ae9\" data-element_type=\"widget\" data-e-type=\"widget\" data-widget_type=\"toggle.default\">\n\t\t\t\t<div class=\"elementor-widget-container\">\n\t\t\t\t\t\t\t<div class=\"elementor-toggle\">\n\t\t\t\t\t\t\t<div class=\"elementor-toggle-item\">\n\t\t\t\t\t<div id=\"elementor-tab-title-1891\" class=\"elementor-tab-title\" data-tab=\"1\" role=\"button\" aria-controls=\"elementor-tab-content-1891\" aria-expanded=\"false\">\n\t\t\t\t\t\t\t\t\t\t\t\t<span class=\"elementor-toggle-icon elementor-toggle-icon-left\" aria-hidden=\"true\">\n\t\t\t\t\t\t\t\t\t\t\t\t\t\t\t<span class=\"elementor-toggle-icon-closed\"><i class=\"fas fa-caret-right\"><\/i><\/span>\n\t\t\t\t\t\t\t\t<span class=\"elementor-toggle-icon-opened\"><i class=\"elementor-toggle-icon-opened fas fa-caret-up\"><\/i><\/span>\n\t\t\t\t\t\t\t\t\t\t\t\t\t<\/span>\n\t\t\t\t\t\t\t\t\t\t\t\t<a class=\"elementor-toggle-title\" tabindex=\"0\">Rechtsberatung f\u00fcr dbb Mitglieder<\/a>\n\t\t\t\t\t<\/div>\n\n\t\t\t\t\t<div id=\"elementor-tab-content-1891\" class=\"elementor-tab-content elementor-clearfix\" data-tab=\"1\" role=\"region\" aria-labelledby=\"elementor-tab-title-1891\"><p>Termine f\u00fcr 2026<\/p>\n<p>Der dbb f\u00fchrt f\u00fcr die Einzelmitglieder der Mitgliedsgewerkschaften berufsbezogenen Rechtsschutz (Beratungs- und Verfahrensrechtsschutz) durch.<\/p>\n<ul>\n<li style=\"list-style-type: none;\">\n<ul>\n<li style=\"list-style-type: none;\">\n<ul>\n<li>12.01.2026&nbsp; &nbsp; &nbsp; &nbsp; &nbsp; &nbsp; &nbsp; &nbsp; &nbsp; &nbsp;Magdeburg<\/li>\n<li>09.02.2026&nbsp; &nbsp; &nbsp; &nbsp; &nbsp; &nbsp; &nbsp; &nbsp; &nbsp;Magdeburg<\/li>\n<li>09.03.2026&nbsp; &nbsp; &nbsp; &nbsp; &nbsp; &nbsp; &nbsp; &nbsp; &nbsp;Halle<\/li>\n<li>13.04.2026&nbsp; &nbsp; &nbsp; &nbsp; &nbsp; &nbsp; &nbsp; &nbsp; &nbsp; Magdeburg<\/li>\n<li>11.05.2026&nbsp; &nbsp; &nbsp; &nbsp; &nbsp; &nbsp; &nbsp; &nbsp; &nbsp; &nbsp;Magdeburg<\/li>\n<li>18.06.2026&nbsp; &nbsp; &nbsp; &nbsp; &nbsp; &nbsp; &nbsp; &nbsp; &nbsp; Magdeburg<\/li>\n<li>06.07.2026&nbsp; &nbsp; &nbsp; &nbsp; &nbsp; &nbsp; &nbsp; &nbsp; &nbsp;Magdeburg<\/li>\n<li>14.09.2026&nbsp; &nbsp; &nbsp; &nbsp; &nbsp; &nbsp; &nbsp; &nbsp; &nbsp; Magdeburg<\/li>\n<li>12.10.2026&nbsp; &nbsp; &nbsp; &nbsp; &nbsp; &nbsp; &nbsp; &nbsp; &nbsp; &nbsp;Halle<\/li>\n<li>09.11.2026&nbsp; &nbsp; &nbsp; &nbsp; &nbsp; &nbsp; &nbsp; &nbsp; &nbsp; &nbsp;Magdeburg<\/li>\n<li>14.12.2026&nbsp; &nbsp; &nbsp; &nbsp; &nbsp; &nbsp; &nbsp; &nbsp; &nbsp; &nbsp;Magdeburg<\/li>\n<\/ul>\n<\/li>\n<\/ul>\n<\/li>\n<\/ul>\n<p>Die Beratungen finden in Magdeburg in der dbb Gesch\u00e4ftsstelle, Schleinufer 12, 39104<br>Magdeburg, Tel.: (03 91) 5 61 94 50 und in Halle in der Gesch\u00e4ftsstelle der Gewerkschaft der<br>Lokomotivf\u00fchrer (GdL), Rudolf-Ernst-Weise-Stra\u00dfe 14, 06112 Halle, Tel.: (03 45) 2 02 33 55,<br>statt.<\/p>\n<p>Anmeldungen bitte telefonisch \u00fcber die dbb Gesch\u00e4ftsstelle in Magdeburg.<\/p><\/div>\n\t\t\t\t<\/div>\n\t\t\t\t\t\t\t\t<\/div>\n\t\t\t\t\t\t<\/div>\n\t\t\t\t<\/div>\n\t\t\t\t\t<\/div>\n\t\t<\/div>\n\t\t\t\t\t<\/div>\n\t\t<\/section>\n\t\t\t\t<\/div>\n\t\t","protected":false},"excerpt":{"rendered":"<p>Veranstaltungen des Philologenverbandes Sachsen-Anhalt Personalr\u00e4teschulung\u200b Wir, als Philologenverband Sachsen-Anhalt, laden die Schulpersonalr\u00e4te jedes Jahr herzlich zu unserer traditionellen zweit\u00e4gigen Personalr\u00e4teschulung in Halberstadt ein. Die Veranstaltung dient neben der fachlichen Weiterbildung und Professionalisierung auch dem Austausch und der Vernetzung aller Personalr\u00e4te. Diese Einladung erhalten alle PhVSA-Mitglieder, die in den Schulpersonalr\u00e4ten t\u00e4tig sind. Falls diese nicht pers\u00f6nlich [&hellip;]<\/p>\n","protected":false},"author":1,"featured_media":0,"parent":0,"menu_order":0,"comment_status":"closed","ping_status":"closed","template":"","meta":{"zakra_sidebar_layout":"customizer","zakra_remove_content_margin":false,"zakra_sidebar":"customizer","zakra_transparent_header":"customizer","zakra_logo":0,"zakra_main_header_style":"default","zakra_menu_item_color":"","zakra_menu_item_hover_color":"","zakra_menu_item_active_color":"","zakra_menu_active_style":"","zakra_page_header":true,"inline_featured_image":false,"footnotes":""},"class_list":["post-2563","page","type-page","status-publish","hentry"],"aioseo_notices":[],"rttpg_featured_image_url":null,"rttpg_author":{"display_name":"admin","author_link":"https:\/\/www.phvsa.de\/?author=1"},"rttpg_comment":0,"rttpg_category":null,"rttpg_excerpt":"Veranstaltungen des Philologenverbandes Sachsen-Anhalt Personalr\u00e4teschulung\u200b Wir, als Philologenverband Sachsen-Anhalt, laden die Schulpersonalr\u00e4te jedes Jahr herzlich zu unserer traditionellen zweit\u00e4gigen Personalr\u00e4teschulung in Halberstadt ein. Die Veranstaltung dient neben der fachlichen Weiterbildung und Professionalisierung auch dem Austausch und der Vernetzung aller Personalr\u00e4te. Diese Einladung erhalten alle PhVSA-Mitglieder, die in den Schulpersonalr\u00e4ten t\u00e4tig sind. Falls diese nicht pers\u00f6nlich&hellip;","_links":{"self":[{"href":"https:\/\/www.phvsa.de\/index.php?rest_route=\/wp\/v2\/pages\/2563","targetHints":{"allow":["GET"]}}],"collection":[{"href":"https:\/\/www.phvsa.de\/index.php?rest_route=\/wp\/v2\/pages"}],"about":[{"href":"https:\/\/www.phvsa.de\/index.php?rest_route=\/wp\/v2\/types\/page"}],"author":[{"embeddable":true,"href":"https:\/\/www.phvsa.de\/index.php?rest_route=\/wp\/v2\/users\/1"}],"replies":[{"embeddable":true,"href":"https:\/\/www.phvsa.de\/index.php?rest_route=%2Fwp%2Fv2%2Fcomments&post=2563"}],"version-history":[{"count":123,"href":"https:\/\/www.phvsa.de\/index.php?rest_route=\/wp\/v2\/pages\/2563\/revisions"}],"predecessor-version":[{"id":6251,"href":"https:\/\/www.phvsa.de\/index.php?rest_route=\/wp\/v2\/pages\/2563\/revisions\/6251"}],"wp:attachment":[{"href":"https:\/\/www.phvsa.de\/index.php?rest_route=%2Fwp%2Fv2%2Fmedia&parent=2563"}],"curies":[{"name":"wp","href":"https:\/\/api.w.org\/{rel}","templated":true}]}}