{"id":3289,"date":"2022-10-04T18:09:00","date_gmt":"2022-10-04T18:09:00","guid":{"rendered":"https:\/\/www.phvsa.de\/?page_id=3289-old"},"modified":"2026-04-26T09:06:01","modified_gmt":"2026-04-26T09:06:01","slug":"vorteile-before-import","status":"publish","type":"page","link":"https:\/\/www.phvsa.de\/?page_id=3289","title":{"rendered":"Vorteile"},"content":{"rendered":"\t\t<div data-elementor-type=\"wp-page\" data-elementor-id=\"3289\" class=\"elementor elementor-3289\">\n\t\t\t\t\t\t<section class=\"elementor-section elementor-top-section elementor-element elementor-element-f1816f0 elementor-section-boxed elementor-section-height-default elementor-section-height-default\" data-id=\"f1816f0\" data-element_type=\"section\" data-e-type=\"section\">\n\t\t\t\t\t\t<div class=\"elementor-container elementor-column-gap-default\">\n\t\t\t\t\t<div class=\"elementor-column elementor-col-100 elementor-top-column elementor-element elementor-element-15035ab\" data-id=\"15035ab\" data-element_type=\"column\" data-e-type=\"column\">\n\t\t\t<div class=\"elementor-widget-wrap elementor-element-populated\">\n\t\t\t\t\t\t<div class=\"elementor-element elementor-element-f76357d elementor-widget elementor-widget-heading\" data-id=\"f76357d\" data-element_type=\"widget\" data-e-type=\"widget\" data-widget_type=\"heading.default\">\n\t\t\t\t<div class=\"elementor-widget-container\">\n\t\t\t\t\t<h2 class=\"elementor-heading-title elementor-size-default\">dbb Vorsorgewerk<\/h2>\t\t\t\t<\/div>\n\t\t\t\t<\/div>\n\t\t\t\t<div class=\"elementor-element elementor-element-3d9bf02 elementor-widget elementor-widget-text-editor\" data-id=\"3d9bf02\" data-element_type=\"widget\" data-e-type=\"widget\" data-widget_type=\"text-editor.default\">\n\t\t\t\t<div class=\"elementor-widget-container\">\n\t\t\t\t\t\t\t\t\t<p><i>Versicherungen &amp; Vorsorge &#8211; Heute an morgen denken!<\/i><\/p><p><span style=\"font-style: inherit; font-weight: inherit;\">Das Leben ist unberechenbar: Heute ist man obenauf, morgen vielleicht schon ganz unten. Gut, wenn man dann auf einen Versicherungsschutz vertrauen kann, der sich unerwarteten Ver\u00e4nderungen anpasst. Gegen die t\u00e4glichen Gefahren des Alltags k\u00f6nnen Sie sich jetzt besonders g\u00fcnstig mit dem dbb Vorsorgewerk absichern.<\/span><\/p>\t\t\t\t\t\t\t\t<\/div>\n\t\t\t\t<\/div>\n\t\t\t\t<div class=\"elementor-element elementor-element-90f0306 elementor-button-info elementor-align-center elementor-widget elementor-widget-button\" data-id=\"90f0306\" data-element_type=\"widget\" data-e-type=\"widget\" data-widget_type=\"button.default\">\n\t\t\t\t<div class=\"elementor-widget-container\">\n\t\t\t\t\t\t\t\t\t<div class=\"elementor-button-wrapper\">\n\t\t\t\t\t<a class=\"elementor-button elementor-button-link elementor-size-sm\" href=\"https:\/\/www.dbb-vorteilswelt.de\/versicherung\/\">\n\t\t\t\t\t\t<span class=\"elementor-button-content-wrapper\">\n\t\t\t\t\t\t\t\t\t<span class=\"elementor-button-text\">Mehr Infos<\/span>\n\t\t\t\t\t<\/span>\n\t\t\t\t\t<\/a>\n\t\t\t\t<\/div>\n\t\t\t\t\t\t\t\t<\/div>\n\t\t\t\t<\/div>\n\t\t\t\t<div class=\"elementor-element elementor-element-34ef1c1 elementor-widget-divider--view-line elementor-widget elementor-widget-divider\" data-id=\"34ef1c1\" data-element_type=\"widget\" data-e-type=\"widget\" data-widget_type=\"divider.default\">\n\t\t\t\t<div class=\"elementor-widget-container\">\n\t\t\t\t\t\t\t<div class=\"elementor-divider\">\n\t\t\t<span class=\"elementor-divider-separator\">\n\t\t\t\t\t\t<\/span>\n\t\t<\/div>\n\t\t\t\t\t\t<\/div>\n\t\t\t\t<\/div>\n\t\t\t\t<div class=\"elementor-element elementor-element-63387b6 elementor-widget elementor-widget-heading\" data-id=\"63387b6\" data-element_type=\"widget\" data-e-type=\"widget\" data-widget_type=\"heading.default\">\n\t\t\t\t<div class=\"elementor-widget-container\">\n\t\t\t\t\t<h2 class=\"elementor-heading-title elementor-size-default\">dbb Vorteilswelt<\/h2>\t\t\t\t<\/div>\n\t\t\t\t<\/div>\n\t\t\t\t<div class=\"elementor-element elementor-element-57bec09 elementor-widget elementor-widget-text-editor\" data-id=\"57bec09\" data-element_type=\"widget\" data-e-type=\"widget\" data-widget_type=\"text-editor.default\">\n\t\t\t\t<div class=\"elementor-widget-container\">\n\t\t\t\t\t\t\t\t\t<p><i>Warum unn\u00f6tig Geld ausgeben? &#8211; Als Mitglied k\u00f6nnen Sie kr\u00e4ftig sparen!<\/i><\/p><p>Als Mitglied des Philologenverbandes Sachsen-Anhalt haben Sie die M\u00f6glichkeit, zahlreiche Angebote und Rabatte in Anspruch zu nehmen. Diese werden Ihnen \u00fcber die Vorteilswelt unseres Dachverbandes dbb (Deutscher Beamtenbund) erm\u00f6glicht und<span style=\"font-style: inherit; font-weight: inherit;\">\u00a0umfassen die Bereiche Finanzen, Mobilit\u00e4t, Reisen und Konsum. Schauen Sie sich gern in der dbb Vorteilswelt um:<\/span><\/p>\t\t\t\t\t\t\t\t<\/div>\n\t\t\t\t<\/div>\n\t\t\t\t<div class=\"elementor-element elementor-element-f48c3d4 elementor-button-info elementor-align-center elementor-widget elementor-widget-button\" data-id=\"f48c3d4\" data-element_type=\"widget\" data-e-type=\"widget\" data-widget_type=\"button.default\">\n\t\t\t\t<div class=\"elementor-widget-container\">\n\t\t\t\t\t\t\t\t\t<div class=\"elementor-button-wrapper\">\n\t\t\t\t\t<a class=\"elementor-button elementor-button-link elementor-size-sm\" href=\"https:\/\/www.dbb-vorteilswelt.de\/aktuelles\/\">\n\t\t\t\t\t\t<span class=\"elementor-button-content-wrapper\">\n\t\t\t\t\t\t\t\t\t<span class=\"elementor-button-text\">Mehr Infos<\/span>\n\t\t\t\t\t<\/span>\n\t\t\t\t\t<\/a>\n\t\t\t\t<\/div>\n\t\t\t\t\t\t\t\t<\/div>\n\t\t\t\t<\/div>\n\t\t\t\t<div class=\"elementor-element elementor-element-70eabcc elementor-widget-divider--view-line elementor-widget elementor-widget-divider\" data-id=\"70eabcc\" data-element_type=\"widget\" data-e-type=\"widget\" data-widget_type=\"divider.default\">\n\t\t\t\t<div class=\"elementor-widget-container\">\n\t\t\t\t\t\t\t<div class=\"elementor-divider\">\n\t\t\t<span class=\"elementor-divider-separator\">\n\t\t\t\t\t\t<\/span>\n\t\t<\/div>\n\t\t\t\t\t\t<\/div>\n\t\t\t\t<\/div>\n\t\t\t\t\t<\/div>\n\t\t<\/div>\n\t\t\t\t\t<\/div>\n\t\t<\/section>\n\t\t\t\t<\/div>\n\t\t","protected":false},"excerpt":{"rendered":"<p>dbb Vorsorgewerk Versicherungen &amp; Vorsorge &#8211; Heute an morgen denken! Das Leben ist unberechenbar: Heute ist man obenauf, morgen vielleicht schon ganz unten. Gut, wenn man dann auf einen Versicherungsschutz vertrauen kann, der sich unerwarteten Ver\u00e4nderungen anpasst. Gegen die t\u00e4glichen Gefahren des Alltags k\u00f6nnen Sie sich jetzt besonders g\u00fcnstig mit dem dbb Vorsorgewerk absichern. Mehr [&hellip;]<\/p>\n","protected":false},"author":1,"featured_media":0,"parent":0,"menu_order":0,"comment_status":"closed","ping_status":"closed","template":"","meta":{"zakra_sidebar_layout":"customizer","zakra_remove_content_margin":false,"zakra_sidebar":"customizer","zakra_transparent_header":"customizer","zakra_logo":0,"zakra_main_header_style":"default","zakra_menu_item_color":"","zakra_menu_item_hover_color":"","zakra_menu_item_active_color":"","zakra_menu_active_style":"","zakra_page_header":true,"inline_featured_image":false,"footnotes":""},"class_list":["post-3289","page","type-page","status-publish","hentry"],"aioseo_notices":[],"rttpg_featured_image_url":null,"rttpg_author":{"display_name":"admin","author_link":"https:\/\/www.phvsa.de\/?author=1"},"rttpg_comment":0,"rttpg_category":null,"rttpg_excerpt":"dbb Vorsorgewerk Versicherungen &amp; Vorsorge &#8211; Heute an morgen denken! Das Leben ist unberechenbar: Heute ist man obenauf, morgen vielleicht schon ganz unten. Gut, wenn man dann auf einen Versicherungsschutz vertrauen kann, der sich unerwarteten Ver\u00e4nderungen anpasst. Gegen die t\u00e4glichen Gefahren des Alltags k\u00f6nnen Sie sich jetzt besonders g\u00fcnstig mit dem dbb Vorsorgewerk absichern. Mehr&hellip;","_links":{"self":[{"href":"https:\/\/www.phvsa.de\/index.php?rest_route=\/wp\/v2\/pages\/3289","targetHints":{"allow":["GET"]}}],"collection":[{"href":"https:\/\/www.phvsa.de\/index.php?rest_route=\/wp\/v2\/pages"}],"about":[{"href":"https:\/\/www.phvsa.de\/index.php?rest_route=\/wp\/v2\/types\/page"}],"author":[{"embeddable":true,"href":"https:\/\/www.phvsa.de\/index.php?rest_route=\/wp\/v2\/users\/1"}],"replies":[{"embeddable":true,"href":"https:\/\/www.phvsa.de\/index.php?rest_route=%2Fwp%2Fv2%2Fcomments&post=3289"}],"version-history":[{"count":63,"href":"https:\/\/www.phvsa.de\/index.php?rest_route=\/wp\/v2\/pages\/3289\/revisions"}],"predecessor-version":[{"id":6384,"href":"https:\/\/www.phvsa.de\/index.php?rest_route=\/wp\/v2\/pages\/3289\/revisions\/6384"}],"wp:attachment":[{"href":"https:\/\/www.phvsa.de\/index.php?rest_route=%2Fwp%2Fv2%2Fmedia&parent=3289"}],"curies":[{"name":"wp","href":"https:\/\/api.w.org\/{rel}","templated":true}]}}