{"id":3635,"date":"2022-10-11T19:13:56","date_gmt":"2022-10-11T19:13:56","guid":{"rendered":"https:\/\/www.phvsa.de\/?page_id=3635"},"modified":"2025-11-24T10:40:58","modified_gmt":"2025-11-24T10:40:58","slug":"rechtsberatung","status":"publish","type":"page","link":"https:\/\/www.phvsa.de\/?page_id=3635","title":{"rendered":"PhVSA Rechtsberatung"},"content":{"rendered":"\t\t<div data-elementor-type=\"wp-page\" data-elementor-id=\"3635\" class=\"elementor elementor-3635\">\n\t\t\t\t\t\t<section class=\"elementor-section elementor-top-section elementor-element elementor-element-fb5a81a elementor-section-boxed elementor-section-height-default elementor-section-height-default\" data-id=\"fb5a81a\" data-element_type=\"section\" data-e-type=\"section\">\n\t\t\t\t\t\t<div class=\"elementor-container elementor-column-gap-default\">\n\t\t\t\t\t<div class=\"elementor-column elementor-col-100 elementor-top-column elementor-element elementor-element-f056041\" data-id=\"f056041\" data-element_type=\"column\" data-e-type=\"column\">\n\t\t\t<div class=\"elementor-widget-wrap elementor-element-populated\">\n\t\t\t\t\t\t<div class=\"elementor-element elementor-element-b39fef8 elementor-widget elementor-widget-heading\" data-id=\"b39fef8\" data-element_type=\"widget\" data-e-type=\"widget\" data-widget_type=\"heading.default\">\n\t\t\t\t<div class=\"elementor-widget-container\">\n\t\t\t\t\t<h2 class=\"elementor-heading-title elementor-size-default\">Wie funktioniert es?<\/h2>\t\t\t\t<\/div>\n\t\t\t\t<\/div>\n\t\t\t\t<div class=\"elementor-element elementor-element-37639b5 elementor-widget elementor-widget-text-editor\" data-id=\"37639b5\" data-element_type=\"widget\" data-e-type=\"widget\" data-widget_type=\"text-editor.default\">\n\t\t\t\t<div class=\"elementor-widget-container\">\n\t\t\t\t\t\t\t\t\t<p><span style=\"font-style: inherit; font-weight: inherit;\">Lehrkr\u00e4fte sind mit einer Vielzahl von berufsrechtlichen Themen konfrontiert. Unser Verband unterst\u00fctzt Sie dabei mit einer kostenlosen <\/span><span style=\"font-style: inherit;\"><b>Rechtsberatung <\/b><\/span><span style=\"font-style: inherit; font-weight: inherit;\">durch die Stufenpersonalr\u00e4te. Wenn dies nicht ausreicht, dann k\u00f6nnen Sie als Verbandsmitglied auf die inkludierte <\/span><span style=\"font-style: inherit;\"><b>Berufs-Rechtsschutzversicherung<\/b><\/span><span style=\"font-style: inherit; font-weight: inherit;\"> zur\u00fcckgreifen.<\/span><\/p>\n<p>M\u00f6gliche Themen k\u00f6nnten sein:<\/p>\n<ul style=\"margin-top: 16px; margin-bottom: 16px; margin-left: 0px; padding: 0px 0px 0px 40px;\">\n<li>Anerkennung von Besch\u00e4ftigungszeiten<\/li>\n<li>Bezahlung von geleisteter Mehrarbeit<\/li>\n<li>Freistellungsbescheinigung<\/li>\n<li>K\u00fcndigungsmodalit\u00e4ten im \u00f6ffentlichen Dienst<\/li>\n<li>Ungleichbehandlung von Mangelfachlehrern bei Altersteilzeit<\/li>\n<li>\u00dcberpr\u00fcfungen von H\u00f6hergruppierungen bei Funktionsstelleninhabern<\/li>\n<li>Reduzierung der Arbeitszeit mit Abbau des Arbeitszeitkontos<\/li>\n<li>Beratung zu dem Thema der Berufsunf\u00e4higkeit und Schwerbehinderung<\/li>\n<li>Pr\u00fcfung von Versorgungsanspr\u00fcchen<\/li>\n<\/ul>\t\t\t\t\t\t\t\t<\/div>\n\t\t\t\t<\/div>\n\t\t\t\t<div class=\"elementor-element elementor-element-e09e135 elementor-widget-divider--view-line elementor-widget elementor-widget-divider\" data-id=\"e09e135\" data-element_type=\"widget\" data-e-type=\"widget\" data-widget_type=\"divider.default\">\n\t\t\t\t<div class=\"elementor-widget-container\">\n\t\t\t\t\t\t\t<div class=\"elementor-divider\">\n\t\t\t<span class=\"elementor-divider-separator\">\n\t\t\t\t\t\t<\/span>\n\t\t<\/div>\n\t\t\t\t\t\t<\/div>\n\t\t\t\t<\/div>\n\t\t\t\t<div class=\"elementor-element elementor-element-a5f6d28 elementor-widget elementor-widget-heading\" data-id=\"a5f6d28\" data-element_type=\"widget\" data-e-type=\"widget\" data-widget_type=\"heading.default\">\n\t\t\t\t<div class=\"elementor-widget-container\">\n\t\t\t\t\t<h2 class=\"elementor-heading-title elementor-size-default\">Rechtsberatung<\/h2>\t\t\t\t<\/div>\n\t\t\t\t<\/div>\n\t\t\t\t<div class=\"elementor-element elementor-element-7a93736 elementor-widget elementor-widget-text-editor\" data-id=\"7a93736\" data-element_type=\"widget\" data-e-type=\"widget\" data-widget_type=\"text-editor.default\">\n\t\t\t\t<div class=\"elementor-widget-container\">\n\t\t\t\t\t\t\t\t\t<h6 style=\"box-sizing: border-box; margin: 0px 0px 24px;\"><span style=\"color: #00b8e6;\"><b>Wir unterst\u00fctzen unsere Mitglieder schnell und unkompliziert!<\/b><\/span><\/h6><p style=\"box-sizing: border-box; margin: 0px 0px 24px;\"><b style=\"font-style: inherit;\">Mitglied im PhVSA<\/b><span style=\"font-style: inherit; font-weight: inherit;\"> k\u00f6nnen sich an unseren Verband mit der <\/span><span style=\"font-style: inherit;\"><b>Bitte um Rechtsauskunft <\/b><\/span><span style=\"font-style: inherit; font-weight: inherit;\">wenden.\u00a0<\/span>Wir wenden uns in ihrem Auftrag an die Stufenpersonalr\u00e4te und gegebenenfalls an das Dienstleistungszentrum Ost des dbb in Berlin und nehmen das kompetente Wissen der dortigen Juristen in Anspruch.\u00a0<\/p><p style=\"box-sizing: border-box; margin: 0px 0px 24px;\">Wir weisen darauf hin, dass aus unserer Beratungsleistung kein Rechtsanspruch ableitbar ist! H\u00e4ufig f\u00fchrt unsere Antwort jedoch schon zu einer Kl\u00e4rung des Sachverhaltes.\u00a0<\/p><p style=\"box-sizing: border-box; margin: 0px 0px 24px;\">Wenn Sie eine Beratung in berufsrechtlichen Fragen w\u00fcnschen, dann wenden Sie sich bitte an unsere Gesch\u00e4ftsstelle und schildern Sie Ihr Anliegen so genau wie m\u00f6glich.\u00a0<\/p>\t\t\t\t\t\t\t\t<\/div>\n\t\t\t\t<\/div>\n\t\t\t\t<div class=\"elementor-element elementor-element-1168ba9 elementor-button-info elementor-align-center elementor-widget elementor-widget-button\" data-id=\"1168ba9\" data-element_type=\"widget\" data-e-type=\"widget\" data-widget_type=\"button.default\">\n\t\t\t\t<div class=\"elementor-widget-container\">\n\t\t\t\t\t\t\t\t\t<div class=\"elementor-button-wrapper\">\n\t\t\t\t\t<a class=\"elementor-button elementor-button-link elementor-size-sm\" href=\"https:\/\/www.phvsa.de\/?page_id=23\">\n\t\t\t\t\t\t<span class=\"elementor-button-content-wrapper\">\n\t\t\t\t\t\t\t\t\t<span class=\"elementor-button-text\">Kontakt<\/span>\n\t\t\t\t\t<\/span>\n\t\t\t\t\t<\/a>\n\t\t\t\t<\/div>\n\t\t\t\t\t\t\t\t<\/div>\n\t\t\t\t<\/div>\n\t\t\t\t<div class=\"elementor-element elementor-element-37035cc elementor-widget-divider--view-line elementor-widget elementor-widget-divider\" data-id=\"37035cc\" data-element_type=\"widget\" data-e-type=\"widget\" data-widget_type=\"divider.default\">\n\t\t\t\t<div class=\"elementor-widget-container\">\n\t\t\t\t\t\t\t<div class=\"elementor-divider\">\n\t\t\t<span class=\"elementor-divider-separator\">\n\t\t\t\t\t\t<\/span>\n\t\t<\/div>\n\t\t\t\t\t\t<\/div>\n\t\t\t\t<\/div>\n\t\t\t\t<div class=\"elementor-element elementor-element-14e4df6 elementor-widget elementor-widget-heading\" data-id=\"14e4df6\" data-element_type=\"widget\" data-e-type=\"widget\" data-widget_type=\"heading.default\">\n\t\t\t\t<div class=\"elementor-widget-container\">\n\t\t\t\t\t<h2 class=\"elementor-heading-title elementor-size-default\">Termine der dbb-Rechtsberatung<\/h2>\t\t\t\t<\/div>\n\t\t\t\t<\/div>\n\t\t\t\t<div class=\"elementor-element elementor-element-78837be elementor-widget elementor-widget-text-editor\" data-id=\"78837be\" data-element_type=\"widget\" data-e-type=\"widget\" data-widget_type=\"text-editor.default\">\n\t\t\t\t<div class=\"elementor-widget-container\">\n\t\t\t\t\t\t\t\t\t<p>Der dbb f\u00fchrt f\u00fcr die Einzelmitglieder der Mitgliedsgewerkschaften berufsbezogenen Rechtsschutz (Beratungs- und Verfahrensrechtsschutz) durch.<\/p>\n<ul>\n<li style=\"list-style-type: none;\">\n<ul>\n<li>12.01.2026&nbsp; &nbsp; &nbsp; &nbsp; &nbsp; &nbsp; &nbsp; &nbsp; &nbsp; &nbsp; Magdeburg<\/li>\n<li>09.02.2026&nbsp; &nbsp; &nbsp; &nbsp; &nbsp; &nbsp; &nbsp; &nbsp; &nbsp; Magdeburg<\/li>\n<li>09.03.2026&nbsp; &nbsp; &nbsp; &nbsp; &nbsp; &nbsp; &nbsp; &nbsp; &nbsp; Halle<\/li>\n<li>\n<p>13.04.2026&nbsp; &nbsp; &nbsp; &nbsp; &nbsp; &nbsp; &nbsp; &nbsp; &nbsp; &nbsp;Magdeburg<\/p>\n<\/li>\n<li>11.05.2026&nbsp; &nbsp; &nbsp; &nbsp; &nbsp; &nbsp; &nbsp; &nbsp; &nbsp; &nbsp; Magdeburg<\/li>\n<li>08.06.2026&nbsp; &nbsp; &nbsp; &nbsp; &nbsp; &nbsp; &nbsp; &nbsp; &nbsp; Magdeburg<\/li>\n<li>06.07.2026&nbsp; &nbsp; &nbsp; &nbsp; &nbsp; &nbsp; &nbsp; &nbsp; &nbsp; Magdeburg<\/li>\n<li>14.09.2026&nbsp; &nbsp; &nbsp; &nbsp; &nbsp; &nbsp; &nbsp; &nbsp; &nbsp; &nbsp;Magdeburg<\/li>\n<li>12.10.2026&nbsp; &nbsp; &nbsp; &nbsp; &nbsp; &nbsp; &nbsp; &nbsp; &nbsp; &nbsp; &nbsp;Halle<\/li>\n<li>\n<p>09.11.2026&nbsp; &nbsp; &nbsp; &nbsp; &nbsp; &nbsp; &nbsp; &nbsp; &nbsp; &nbsp; Magdeburg<\/p>\n<\/li>\n<li>\n<p>14.12.2026&nbsp; &nbsp; &nbsp; &nbsp; &nbsp; &nbsp; &nbsp; &nbsp; &nbsp; &nbsp; Magdeburg<\/p>\n<\/li>\n<\/ul>\n<\/li>\n<\/ul>\n<p>Die Beratungen finden in Magdeburg in der dbb Gesch\u00e4ftsstelle, Schleinufer 12, 39104 Magdeburg, Tel.: (0391) 561 9450 und in Halle in der Gesch\u00e4ftsstelle der Gewerkschaft der Lokomotivf\u00fchrer (GdL), Rudolf-Ernst-Weise-Stra\u00dfe 14, 06112 Halle, Tel.: (0345) 202 3355, statt.<\/p>\n<p>Anmeldungen bitte telefonisch \u00fcber die dbb Gesch\u00e4ftsstelle in Magdeburg.<\/p>\t\t\t\t\t\t\t\t<\/div>\n\t\t\t\t<\/div>\n\t\t\t\t<div class=\"elementor-element elementor-element-1e96ebb elementor-widget-divider--view-line elementor-widget elementor-widget-divider\" data-id=\"1e96ebb\" data-element_type=\"widget\" data-e-type=\"widget\" data-widget_type=\"divider.default\">\n\t\t\t\t<div class=\"elementor-widget-container\">\n\t\t\t\t\t\t\t<div class=\"elementor-divider\">\n\t\t\t<span class=\"elementor-divider-separator\">\n\t\t\t\t\t\t<\/span>\n\t\t<\/div>\n\t\t\t\t\t\t<\/div>\n\t\t\t\t<\/div>\n\t\t\t\t<div class=\"elementor-element elementor-element-3a56bfd elementor-widget elementor-widget-heading\" data-id=\"3a56bfd\" data-element_type=\"widget\" data-e-type=\"widget\" data-widget_type=\"heading.default\">\n\t\t\t\t<div class=\"elementor-widget-container\">\n\t\t\t\t\t<h2 class=\"elementor-heading-title elementor-size-default\">Rechtsschutz<\/h2>\t\t\t\t<\/div>\n\t\t\t\t<\/div>\n\t\t\t\t<div class=\"elementor-element elementor-element-6d46094 elementor-widget elementor-widget-text-editor\" data-id=\"6d46094\" data-element_type=\"widget\" data-e-type=\"widget\" data-widget_type=\"text-editor.default\">\n\t\t\t\t<div class=\"elementor-widget-container\">\n\t\t\t\t\t\t\t\t\t<p><span style=\"font-weight: 400;\">Sie haben als Mitglied im PhVSA die M\u00f6glichkeit, \u00fcber den dbb<\/span><span style=\"color: #05b6e3;\">\u00a0<strong>exklusiv <\/strong><span style=\"color: #000000;\">und <\/span><strong>kostenlos\u00a0<\/strong><span style=\"color: #000000;\">berufsbezogenen <\/span><strong>Rechtssc<\/strong><\/span><span style=\"font-weight: normal;\"><span style=\"color: #05b6e3;\"><strong>hutz<\/strong> <\/span>in Anspruch zu nehmen.\u00a0<\/span><\/p><p><span style=\"font-style: inherit; font-weight: inherit;\">Der Rechtsschutz umfasst Rechtsfragen, die im Zusammenhang mit derzeitigen oder fr\u00fcheren beruflichen oder gewerkschaftlichen T\u00e4tigkeit im \u00f6ffentlichen Dienst oder im privaten Dienstleistungssektor stehen, unter anderem:<\/span><\/p><ul><li><span style=\"font-style: inherit; font-weight: inherit;\">s\u00e4mtliche <\/span><span style=\"font-style: inherit;\"><b>dienst- und arbeitsrechtlichen Fragen<\/b><\/span><\/li><li><span style=\"font-style: inherit; font-weight: inherit;\">Rechtsprobleme des <\/span><span style=\"font-style: inherit;\"><b>Sozialrechts<\/b><\/span><span style=\"font-style: inherit; font-weight: inherit;\">, soweit diese unmittelbare <\/span><span style=\"font-style: inherit;\"><b>Auswirkungen auf das Arbeits- oder Dienstrecht<\/b><\/span><span style=\"font-style: inherit; font-weight: inherit;\"> haben (z. B. Fragen um die Feststellung des Grades der Behinderung oder Fragen im Zusammenhang mit Unf\u00e4llen auf dem unmittelbaren Weg von oder zur Arbeitsst\u00e4tte)<\/span><\/li><li><span style=\"font-style: inherit;\"><b>disziplinarrechtlichen Angelegenheiten<\/b><br \/><\/span><\/li><li><span style=\"font-style: inherit; font-weight: inherit;\">im Ausnahmefall auch in Straf-, Disziplinar- und Ordnungswidrigkeitsverfahren, wenn ein unmittelbarer Berufs- und T\u00e4tigkeitsbezug gegeben ist<\/span><\/li><\/ul><p><span style=\"font-style: inherit; font-weight: inherit;\">Der Rechtsschutz durch den dbb ist f\u00fcr Sie als Einzelmitglied in der Regel <\/span><span style=\"font-style: inherit; color: #05bbe8;\"><b>kostenlos<\/b><\/span><span style=\"font-style: inherit; font-weight: inherit;\">.\u00a0<\/span><span style=\"font-style: inherit; font-weight: inherit;\">Der dbb \u00fcbernimmt die notwendigen <\/span><span style=\"font-style: inherit;\"><b>Kosten und Kostenvorsch\u00fcsse f\u00fcr die F\u00fchrung des Verfahrens<\/b><\/span><span style=\"font-style: inherit; font-weight: inherit;\">. Dazu geh\u00f6ren<\/span><\/p><ul><li><span style=\"font-style: inherit;\"><b>gesetzlichen Geb\u00fchren des gegnerischen Rechtsanwalts<\/b><\/span><\/li><li><span style=\"font-style: inherit; font-weight: inherit;\">Kosten f\u00fcr einen externen <\/span><span style=\"font-style: inherit;\"><b>Rechtsanwalt<\/b><\/span><\/li><li><span style=\"font-style: inherit;\"><b>Sachverst\u00e4ndigenkosten<\/b><\/span><span style=\"font-style: inherit; font-weight: inherit;\">, wenn sie auf einen gerichtlichen Beweisbeschluss oder auf eine gerichtliche Beweisanordnung zur\u00fcckzuf\u00fchren sind<\/span><\/li><li><span style=\"font-style: inherit;\"><b>Gutachterkosten <\/b><\/span><span style=\"font-style: inherit; font-weight: inherit;\">nach \u00a7 109 SGG, wenn sie erforderlich sind (Erforderlich in diesem Sinne sind sie, wenn es zum Sachverhalt widerspr\u00fcchliche fach\u00e4rztliche Einsch\u00e4tzungen gibt oder sonstige medizinisch begr\u00fcndete Zweifel an den Gutachten nachvollziehbar belegt werden k\u00f6nnen)<\/span><\/li><\/ul><p>Sollte ein rechtskr\u00e4ftiges Urteil zu Gunsten des Einzelmitglieds in vollstreckbarer Fassung vorliegen, so \u00fcbernimmt der dbb im Rahmen des gewerkschaftlichen Rechtsschutz den Vollstreckungsversuch hierzu. Schl\u00e4gt dieser fehl, wird dem Anspruchsinhaber der Vollstreckungstitel (rechtskr\u00e4ftiges Urteil nebst Vollstreckungsklausel) im Original \u00fcbermittelt. Hierdurch wird der Anspruchsinhaber in die Lage versetzt, insgesamt bis max. 30 Jahren aus dem so erstrittenen Urteil gegen den Schuldner vorzugehen.<\/p><p>Weitere Informationen finden Sie hier:<\/p>\t\t\t\t\t\t\t\t<\/div>\n\t\t\t\t<\/div>\n\t\t\t\t<div class=\"elementor-element elementor-element-ceec3a9 elementor-button-info elementor-align-center elementor-widget elementor-widget-button\" data-id=\"ceec3a9\" data-element_type=\"widget\" data-e-type=\"widget\" data-widget_type=\"button.default\">\n\t\t\t\t<div class=\"elementor-widget-container\">\n\t\t\t\t\t\t\t\t\t<div class=\"elementor-button-wrapper\">\n\t\t\t\t\t<a class=\"elementor-button elementor-button-link elementor-size-sm\" href=\"https:\/\/www.dbb.de\/mitgliedschaft-service\/rechtsschutz.html\">\n\t\t\t\t\t\t<span class=\"elementor-button-content-wrapper\">\n\t\t\t\t\t\t\t\t\t<span class=\"elementor-button-text\">mehr Infos<\/span>\n\t\t\t\t\t<\/span>\n\t\t\t\t\t<\/a>\n\t\t\t\t<\/div>\n\t\t\t\t\t\t\t\t<\/div>\n\t\t\t\t<\/div>\n\t\t\t\t<div class=\"elementor-element elementor-element-89fcd9c elementor-widget-divider--view-line elementor-widget elementor-widget-divider\" data-id=\"89fcd9c\" data-element_type=\"widget\" data-e-type=\"widget\" data-widget_type=\"divider.default\">\n\t\t\t\t<div class=\"elementor-widget-container\">\n\t\t\t\t\t\t\t<div class=\"elementor-divider\">\n\t\t\t<span class=\"elementor-divider-separator\">\n\t\t\t\t\t\t<\/span>\n\t\t<\/div>\n\t\t\t\t\t\t<\/div>\n\t\t\t\t<\/div>\n\t\t\t\t<div class=\"elementor-element elementor-element-d853999 elementor-widget elementor-widget-text-editor\" data-id=\"d853999\" data-element_type=\"widget\" data-e-type=\"widget\" data-widget_type=\"text-editor.default\">\n\t\t\t\t<div class=\"elementor-widget-container\">\n\t\t\t\t\t\t\t\t\t<p><span style=\"color: #00b8e6; font-size: 16.2px; font-weight: 600;\">M\u00f6chten Sie den Rechtsschutz des dbb in Anspruch nehmen?<br \/><\/span><span style=\"color: #00b8e6;\"><span style=\"font-size: 16.2px;\">Hier gelangen sie zum Antrag (nur f\u00fcr eingeloggte Mitglieder):<\/span><\/span><\/p>\t\t\t\t\t\t\t\t<\/div>\n\t\t\t\t<\/div>\n\t\t\t\t<div class=\"elementor-element elementor-element-e387b5c elementor-button-info elementor-align-center elementor-widget elementor-widget-button\" data-id=\"e387b5c\" data-element_type=\"widget\" data-e-type=\"widget\" data-widget_type=\"button.default\">\n\t\t\t\t<div class=\"elementor-widget-container\">\n\t\t\t\t\t\t\t\t\t<div class=\"elementor-button-wrapper\">\n\t\t\t\t\t<a class=\"elementor-button elementor-button-link elementor-size-sm\" href=\"https:\/\/www.phvsa.de\/?page_id=24\">\n\t\t\t\t\t\t<span class=\"elementor-button-content-wrapper\">\n\t\t\t\t\t\t\t\t\t<span class=\"elementor-button-text\">Hier klicken<\/span>\n\t\t\t\t\t<\/span>\n\t\t\t\t\t<\/a>\n\t\t\t\t<\/div>\n\t\t\t\t\t\t\t\t<\/div>\n\t\t\t\t<\/div>\n\t\t\t\t\t<\/div>\n\t\t<\/div>\n\t\t\t\t\t<\/div>\n\t\t<\/section>\n\t\t\t\t<\/div>\n\t\t","protected":false},"excerpt":{"rendered":"<p>Wie funktioniert es? Lehrkr\u00e4fte sind mit einer Vielzahl von berufsrechtlichen Themen konfrontiert. Unser Verband unterst\u00fctzt Sie dabei mit einer kostenlosen Rechtsberatung durch die Stufenpersonalr\u00e4te. Wenn dies nicht ausreicht, dann k\u00f6nnen Sie als Verbandsmitglied auf die inkludierte Berufs-Rechtsschutzversicherung zur\u00fcckgreifen. M\u00f6gliche Themen k\u00f6nnten sein: Anerkennung von Besch\u00e4ftigungszeiten Bezahlung von geleisteter Mehrarbeit Freistellungsbescheinigung K\u00fcndigungsmodalit\u00e4ten im \u00f6ffentlichen Dienst Ungleichbehandlung [&hellip;]<\/p>\n","protected":false},"author":1,"featured_media":0,"parent":0,"menu_order":0,"comment_status":"closed","ping_status":"closed","template":"","meta":{"zakra_sidebar_layout":"customizer","zakra_remove_content_margin":false,"zakra_sidebar":"customizer","zakra_transparent_header":"customizer","zakra_logo":0,"zakra_main_header_style":"default","zakra_menu_item_color":"","zakra_menu_item_hover_color":"","zakra_menu_item_active_color":"","zakra_menu_active_style":"","zakra_page_header":true,"inline_featured_image":false,"footnotes":""},"class_list":["post-3635","page","type-page","status-publish","hentry"],"aioseo_notices":[],"rttpg_featured_image_url":null,"rttpg_author":{"display_name":"admin","author_link":"https:\/\/www.phvsa.de\/?author=1"},"rttpg_comment":0,"rttpg_category":null,"rttpg_excerpt":"Wie funktioniert es? Lehrkr\u00e4fte sind mit einer Vielzahl von berufsrechtlichen Themen konfrontiert. Unser Verband unterst\u00fctzt Sie dabei mit einer kostenlosen Rechtsberatung durch die Stufenpersonalr\u00e4te. Wenn dies nicht ausreicht, dann k\u00f6nnen Sie als Verbandsmitglied auf die inkludierte Berufs-Rechtsschutzversicherung zur\u00fcckgreifen. M\u00f6gliche Themen k\u00f6nnten sein: Anerkennung von Besch\u00e4ftigungszeiten Bezahlung von geleisteter Mehrarbeit Freistellungsbescheinigung K\u00fcndigungsmodalit\u00e4ten im \u00f6ffentlichen Dienst Ungleichbehandlung&hellip;","_links":{"self":[{"href":"https:\/\/www.phvsa.de\/index.php?rest_route=\/wp\/v2\/pages\/3635","targetHints":{"allow":["GET"]}}],"collection":[{"href":"https:\/\/www.phvsa.de\/index.php?rest_route=\/wp\/v2\/pages"}],"about":[{"href":"https:\/\/www.phvsa.de\/index.php?rest_route=\/wp\/v2\/types\/page"}],"author":[{"embeddable":true,"href":"https:\/\/www.phvsa.de\/index.php?rest_route=\/wp\/v2\/users\/1"}],"replies":[{"embeddable":true,"href":"https:\/\/www.phvsa.de\/index.php?rest_route=%2Fwp%2Fv2%2Fcomments&post=3635"}],"version-history":[{"count":83,"href":"https:\/\/www.phvsa.de\/index.php?rest_route=\/wp\/v2\/pages\/3635\/revisions"}],"predecessor-version":[{"id":6248,"href":"https:\/\/www.phvsa.de\/index.php?rest_route=\/wp\/v2\/pages\/3635\/revisions\/6248"}],"wp:attachment":[{"href":"https:\/\/www.phvsa.de\/index.php?rest_route=%2Fwp%2Fv2%2Fmedia&parent=3635"}],"curies":[{"name":"wp","href":"https:\/\/api.w.org\/{rel}","templated":true}]}}